{"id":2,"date":"2023-08-20T22:17:09","date_gmt":"2023-08-21T01:17:09","guid":{"rendered":"http:\/\/quirosports.com.br\/?page_id=2"},"modified":"2026-03-06T16:46:14","modified_gmt":"2026-03-06T19:46:14","slug":"pagina-exemplo","status":"publish","type":"page","link":"https:\/\/quirosports.com.br\/","title":{"rendered":"Home"},"content":{"rendered":"\n<a href=\"https:\/\/chat.fillapp.me\/?id=e575246a-a6dd-4471-9140-5d979dc1f64c\" target=\"_self\" role=\"button\" rel=\"noopener\">\n\t\t\t\t\t\t\tQUERO AGENDAR MINHA SESS\u00c3O\n\t\t\t\t\t<\/a>\n\t\t<h1>\n\t\t\t<strong>ESPECIALISTA EM QUIROPRAXIA ESPORTIVA<\/strong>\n\t\t<\/h1>\n\t\t\t<p><strong>ATENDEMOS ATLETAS DAS DIVERSAS MODALIDADES ESPORTIVAS DA REGI\u00c3O. COM NOSSO M\u00c9TODO \u00daNICO, QUE COMBINA T\u00c9CNICAS AVAN\u00c7ADAS DE QUIRO, VENTOSA E LIBERA\u00c7\u00c3O MIOFASCIAL<\/strong><\/p>\t\t\n\t\t\t<a href=\"https:\/\/chat.fillapp.me\/?id=e575246a-a6dd-4471-9140-5d979dc1f64c\" target=\"_self\" role=\"button\" rel=\"noopener\">\n\t\t\t\t\t\t\tQUERO MELHORAR MEU DESEMPENHO\n\t\t\t\t\t<\/a>\n\t\t\t\t\t\t\t\t\t<img decoding=\"async\" loading=\"lazy\" src=\"https:\/\/quirosports.com.br\/wp-content\/uploads\/2023\/08\/facebook_square.png\" alt=\"-facebook_square\" itemprop=\"image\" height=\"40\" width=\"42\" title=\"-facebook_square\" onerror=\"this.style.display='none'\">\n\t\t\t\t\t\t\t\t\t<img decoding=\"async\" loading=\"lazy\" src=\"https:\/\/quirosports.com.br\/wp-content\/uploads\/2023\/08\/Vector.png\" alt=\"Vector\" itemprop=\"image\" height=\"31\" width=\"31\" title=\"Vector\" onerror=\"this.style.display='none'\">\n\t\t\t\t<img decoding=\"async\" loading=\"lazy\" src=\"https:\/\/quirosports.com.br\/wp-content\/uploads\/2023\/08\/google-media-google-social.png\" alt=\"google--media-google-social\" itemprop=\"image\" height=\"31\" width=\"31\" title=\"google--media-google-social\" onerror=\"this.style.display='none'\">\n\t\t\t\t<img decoding=\"async\" loading=\"lazy\" src=\"https:\/\/quirosports.com.br\/wp-content\/uploads\/2023\/08\/VectorEvernote.png\" alt=\"VectorEvernote\" itemprop=\"image\" height=\"31\" width=\"31\" title=\"VectorEvernote\" onerror=\"this.style.display='none'\">\n\t\t\t\t<img decoding=\"async\" loading=\"lazy\" src=\"https:\/\/quirosports.com.br\/wp-content\/uploads\/2023\/08\/netflix.png\" alt=\"netflix\" itemprop=\"image\" height=\"33\" width=\"33\" title=\"netflix\" onerror=\"this.style.display='none'\">\n\t\t\t\t<img decoding=\"async\" src=\"http:\/\/quirosports.com.br\/wp-content\/uploads\/2023\/08\/2.png\" alt=\"2\" itemprop=\"image\" title=\"2\" onerror=\"this.style.display='none'\">\n\t\t\t\t<img decoding=\"async\" src=\"http:\/\/quirosports.com.br\/wp-content\/uploads\/2023\/08\/3.png\" alt=\"3\" itemprop=\"image\" title=\"3\" onerror=\"this.style.display='none'\">\n\t\t\t\t<img decoding=\"async\" src=\"http:\/\/quirosports.com.br\/wp-content\/uploads\/2023\/08\/4.png\" alt=\"4\" itemprop=\"image\" title=\"4\" onerror=\"this.style.display='none'\">\n\t\t\t\t<img decoding=\"async\" src=\"http:\/\/quirosports.com.br\/wp-content\/uploads\/2023\/08\/5.png\" alt=\"5\" itemprop=\"image\" title=\"5\" onerror=\"this.style.display='none'\">\n                    <img decoding=\"async\" src=\"https:\/\/quirosports.com.br\/wp-content\/uploads\/2023\/08\/f8.jpg\" alt=\"\">\n                    <img decoding=\"async\" src=\"https:\/\/quirosports.com.br\/wp-content\/uploads\/2023\/08\/f9.jpg\" alt=\"\">\n                    <img decoding=\"async\" src=\"https:\/\/quirosports.com.br\/wp-content\/uploads\/2023\/08\/pr2.jpg\" alt=\"\">\n                    <img decoding=\"async\" src=\"https:\/\/quirosports.com.br\/wp-content\/uploads\/2023\/08\/pr1.jpg\" alt=\"\">\n                    <img decoding=\"async\" src=\"https:\/\/quirosports.com.br\/wp-content\/uploads\/2023\/08\/f6.jpg\" alt=\"\">\n                    <img decoding=\"async\" src=\"https:\/\/quirosports.com.br\/wp-content\/uploads\/2023\/08\/f10.jpg\" alt=\"\">\n\t\t\t<a href=\"https:\/\/chat.fillapp.me\/?id=e575246a-a6dd-4471-9140-5d979dc1f64c\" target=\"_self\" role=\"button\" rel=\"noopener\">\n\t\t\t\t\t\t\tQUERO MOTIVAR MINHA EQUIPE\n\t\t\t\t\t<\/a>\n\t\t\t\t\t\t\t\t\t<img decoding=\"async\" src=\"http:\/\/quirosports.com.br\/wp-content\/uploads\/2023\/08\/Post-Instagram-Mulheres-Cha-1.png\" alt=\"Post Instagram Mulheres Ch\u00e1 (1)\" itemprop=\"image\" srcset=\"https:\/\/quirosports.com.br\/wp-content\/uploads\/2023\/08\/Post-Instagram-Mulheres-Cha-1.png 1080w, https:\/\/quirosports.com.br\/wp-content\/uploads\/2023\/08\/Post-Instagram-Mulheres-Cha-1-300x300.png 300w, https:\/\/quirosports.com.br\/wp-content\/uploads\/2023\/08\/Post-Instagram-Mulheres-Cha-1-1024x1024.png 1024w, https:\/\/quirosports.com.br\/wp-content\/uploads\/2023\/08\/Post-Instagram-Mulheres-Cha-1-150x150.png 150w, https:\/\/quirosports.com.br\/wp-content\/uploads\/2023\/08\/Post-Instagram-Mulheres-Cha-1-768x768.png 768w\" sizes=\"(max-width: 1080px) 100vw, 1080px\" title=\"Post Instagram Mulheres Ch\u00e1 (1)\" onerror=\"this.style.display='none'\">\n\t\t\t\t\t\t\t\t\t<img decoding=\"async\" src=\"http:\/\/quirosports.com.br\/wp-content\/uploads\/2023\/08\/7-1.png\" alt=\"7\" itemprop=\"image\" srcset=\"https:\/\/quirosports.com.br\/wp-content\/uploads\/2023\/08\/7-1.png 1080w, https:\/\/quirosports.com.br\/wp-content\/uploads\/2023\/08\/7-1-300x300.png 300w, https:\/\/quirosports.com.br\/wp-content\/uploads\/2023\/08\/7-1-1024x1024.png 1024w, https:\/\/quirosports.com.br\/wp-content\/uploads\/2023\/08\/7-1-150x150.png 150w, https:\/\/quirosports.com.br\/wp-content\/uploads\/2023\/08\/7-1-768x768.png 768w\" sizes=\"(max-width: 1080px) 100vw, 1080px\" title=\"7\" onerror=\"this.style.display='none'\">\n\t\t\t\t\t\t\t\t\t<img decoding=\"async\" src=\"http:\/\/quirosports.com.br\/wp-content\/uploads\/2023\/08\/8-1.png\" alt=\"8\" itemprop=\"image\" srcset=\"https:\/\/quirosports.com.br\/wp-content\/uploads\/2023\/08\/8-1.png 1080w, https:\/\/quirosports.com.br\/wp-content\/uploads\/2023\/08\/8-1-300x300.png 300w, https:\/\/quirosports.com.br\/wp-content\/uploads\/2023\/08\/8-1-1024x1024.png 1024w, https:\/\/quirosports.com.br\/wp-content\/uploads\/2023\/08\/8-1-150x150.png 150w, https:\/\/quirosports.com.br\/wp-content\/uploads\/2023\/08\/8-1-768x768.png 768w\" sizes=\"(max-width: 1080px) 100vw, 1080px\" title=\"8\" onerror=\"this.style.display='none'\">\n\t\t\t\t\t\t\t\t\t<img decoding=\"async\" src=\"http:\/\/quirosports.com.br\/wp-content\/uploads\/2023\/08\/9-1.png\" alt=\"9\" itemprop=\"image\" srcset=\"https:\/\/quirosports.com.br\/wp-content\/uploads\/2023\/08\/9-1.png 1080w, https:\/\/quirosports.com.br\/wp-content\/uploads\/2023\/08\/9-1-300x300.png 300w, https:\/\/quirosports.com.br\/wp-content\/uploads\/2023\/08\/9-1-1024x1024.png 1024w, https:\/\/quirosports.com.br\/wp-content\/uploads\/2023\/08\/9-1-150x150.png 150w, https:\/\/quirosports.com.br\/wp-content\/uploads\/2023\/08\/9-1-768x768.png 768w\" sizes=\"(max-width: 1080px) 100vw, 1080px\" title=\"9\" onerror=\"this.style.display='none'\">\n\t\t\t<a href=\"https:\/\/chat.fillapp.me\/?id=e575246a-a6dd-4471-9140-5d979dc1f64c\" target=\"_self\" role=\"button\" rel=\"noopener\">\n\t\t\t\t\t\t\tAGENDE SUA CONSULTA\n\t\t\t\t\t<\/a>\n\t\t\t\t\t\t\t\t\t<img decoding=\"async\" src=\"http:\/\/quirosports.com.br\/wp-content\/uploads\/2023\/08\/Logositequirosports.png.jpg\" alt=\"Logositequirosports.png\" itemprop=\"image\" srcset=\"https:\/\/quirosports.com.br\/wp-content\/uploads\/2023\/08\/Logositequirosports.png.jpg 752w, https:\/\/quirosports.com.br\/wp-content\/uploads\/2023\/08\/Logositequirosports.png-300x137.jpg 300w\" sizes=\"(max-width: 752px) 100vw, 752px\" title=\"Logositequirosports.png\" onerror=\"this.style.display='none'\">\n\t\t\n\t\t\t<p><strong>ARTE QUE TRANSFORMA SUA DOR EM PRAZER<\/strong><\/p>\t\t\n\t\t\t\t\tSESS\u00d5ES + DE\n\t\t\t\t\t 1,000\t\t\t\t\n\t\t\t\t\t\t\t\t\t<img decoding=\"async\" loading=\"lazy\" src=\"https:\/\/quirosports.com.br\/wp-content\/uploads\/2023\/08\/Loira-1024x684-1.jpeg\" alt=\"Loira -1024x684\" itemprop=\"image\" height=\"684\" width=\"1024\" srcset=\"https:\/\/quirosports.com.br\/wp-content\/uploads\/2023\/08\/Loira-1024x684-1.jpeg 1024w, https:\/\/quirosports.com.br\/wp-content\/uploads\/2023\/08\/Loira-1024x684-1-300x200.jpeg 300w, https:\/\/quirosports.com.br\/wp-content\/uploads\/2023\/08\/Loira-1024x684-1-768x513.jpeg 768w\" sizes=\"(max-width: 1024px) 100vw, 1024px\" title=\"Loira -1024x684\" onerror=\"this.style.display='none'\">\n\t\t<h1>\n\t\t\t<strong>O QUE DIZEM NOSSOS CLIENTES<\/strong>\n\t\t<\/h1>\n\t\t\t<p><strong>SINTA DE PERTO A TRANSFORMA\u00c7\u00c3O QUE A QUIROPRAXIA E A LIBERA\u00c7\u00c3O MIOFASCIAL PODEM FAZER POR VOC\u00ca<\/strong><\/p>\t\t\n                    <img decoding=\"async\" src=\"https:\/\/quirosports.com.br\/wp-content\/uploads\/2023\/09\/Screenshot_20230905-124901_Instagram.jpg\" alt=\"\">\n                    <img decoding=\"async\" src=\"https:\/\/quirosports.com.br\/wp-content\/uploads\/2023\/09\/Screenshot_20230905-124941_Instagram.jpg\" alt=\"\">\n                    <img decoding=\"async\" src=\"https:\/\/quirosports.com.br\/wp-content\/uploads\/2023\/09\/Screenshot_20230905-125042_Instagram.jpg\" alt=\"\">\n                    <img decoding=\"async\" src=\"https:\/\/quirosports.com.br\/wp-content\/uploads\/2023\/09\/Screenshot_20230905-125100_Instagram.jpg\" alt=\"\">\n                    <img decoding=\"async\" src=\"https:\/\/quirosports.com.br\/wp-content\/uploads\/2023\/09\/Screenshot_20230905-125131_Instagram.jpg\" alt=\"\">\n                    <img decoding=\"async\" src=\"https:\/\/quirosports.com.br\/wp-content\/uploads\/2023\/09\/Screenshot_20230905-125159_Instagram.jpg\" alt=\"\">\n                    <img decoding=\"async\" src=\"https:\/\/quirosports.com.br\/wp-content\/uploads\/2023\/09\/Screenshot_20230905-125222_Instagram.jpg\" alt=\"\">\n                    <img decoding=\"async\" src=\"https:\/\/quirosports.com.br\/wp-content\/uploads\/2023\/09\/Screenshot_20230905-125235_Instagram.jpg\" alt=\"\">\n                    <img decoding=\"async\" src=\"https:\/\/quirosports.com.br\/wp-content\/uploads\/2023\/09\/Screenshot_20230905-125251_Instagram.jpg\" alt=\"\">\n                    <img decoding=\"async\" src=\"https:\/\/quirosports.com.br\/wp-content\/uploads\/2023\/09\/Screenshot_20230905-125305_Instagram.jpg\" alt=\"\">\n                    <img decoding=\"async\" src=\"https:\/\/quirosports.com.br\/wp-content\/uploads\/2023\/09\/Screenshot_20230905-125319_Instagram.jpg\" alt=\"\">\n\t\t\t<a href=\"https:\/\/chat.fillapp.me\/?id=e575246a-a6dd-4471-9140-5d979dc1f64c\" target=\"_self\" role=\"button\" rel=\"noopener\">\n\t\t\t\t\t\t\tQUERO ESSA EXPERI\u00caNCIA TAMB\u00c9M\n\t\t\t\t\t<\/a>\n\t\t\t\t\t\t\t\t\t<img decoding=\"async\" loading=\"lazy\" src=\"https:\/\/quirosports.com.br\/wp-content\/uploads\/2023\/08\/MATHEUS.png\" alt=\"MATHEUS\" itemprop=\"image\" height=\"427\" width=\"332\" srcset=\"https:\/\/quirosports.com.br\/wp-content\/uploads\/2023\/08\/MATHEUS.png 332w, https:\/\/quirosports.com.br\/wp-content\/uploads\/2023\/08\/MATHEUS-233x300.png 233w\" sizes=\"(max-width: 332px) 100vw, 332px\" title=\"MATHEUS\" onerror=\"this.style.display='none'\">\n\t\t\n\t\t\t<p><strong>PRAZER,&nbsp;<\/strong><\/p>\t\t\n\t\t<h1>\n\t\t\t<strong>EU SOU <br> MATHEUS FL\u00c1VIO<\/strong>\n\t\t<\/h1>\n\tN\u00f3s somos a Quirosports, uma empresa que oferece Servi\u00e7os de Quiropraxia, Ventosa e Libera\u00e7\u00e3o Miofascial para Atletas de Alta Performance e Pessoas que se preocupam com sa\u00fade e bem-estar; que entendem o quanto isso \u00e9 importante para tudo o que vem a seguir. Nossa Miss\u00e3o \u00e9 proporcionar uma vida mais plena, livre de dores e limita\u00e7\u00f5es.<br>\nAtendemos Atletas das mais diversas modalidades de Santos, Bertioga e Regi\u00e3o; do Skate, do Surf, Ciclistas, Bodybuilders, Crossfit, Ciclistas, etc&#8230;<br>\nDentre Nossos Clientes, tamb\u00e9m est\u00e3o Empres\u00e1rios e Empres\u00e1rias, Artistas, Personal Influencers &#8211; Eles confiam no nosso trabalho e nos recomendam para seus amigos e familiares.<br>\nNossos diferenciais s\u00e3o a Qualidade do Nosso Atendimento, a Personaliza\u00e7\u00e3o dos Nossos Tratamentos, a utiliza\u00e7\u00e3o de Equipamentos Modernos e Seguros. Tudo para trazer a Garantia de Resultados Satisfat\u00f3rios.\n\t<p>\u2764\ufe0fSomos Apaixonados pelo que Fazemos<\/p>\n\t\t\t<a href=\"https:\/\/chat.fillapp.me\/?id=e575246a-a6dd-4471-9140-5d979dc1f64c\" target=\"_self\" role=\"button\" rel=\"noopener\">\n\t\t\t\t\t\t\tQUERO AGENDAR COM O MATHEUS\n\t\t\t\t\t<\/a>\n\t\t\t\t\tO que \u00e9 Quiropraxia, O que \u00e9 Libera\u00e7\u00e3o Miofacial e Ventosas e Para que Servem?\t\t\t\t\n\t\t\t\t\t<p>A Quiropraxia \u00e9 uma t\u00e9cnica de medicina alternativa que lida com o diagn\u00f3stico, tratamento e preven\u00e7\u00e3o de problemas no sistema neuro-m\u00fasculo-esquel\u00e9tico, agindo na corre\u00e7\u00e3o de postura, no alongamento da musculatura e no al\u00edvio de dores. A Libera\u00e7\u00e3o Miofascial \u00e9 uma t\u00e9cnica manual que tem como objetivo liberar as tens\u00f5es e restri\u00e7\u00f5es do tecido conjuntivo (f\u00e1scia) que envolve os m\u00fasculos, ossos, nervos e \u00f3rg\u00e3os do corpo. As Ventosas s\u00e3o um instrumento semelhante a um copo que \u00e9 utilizado na ventosaterapia, um tratamento que \u00e9 conhecido por melhorar a circula\u00e7\u00e3o sangu\u00ednea, mas capaz de trazer muitos outros benef\u00edcios para o corpo. Essa t\u00e9cnica tamb\u00e9m \u00e9 popular por liberar as tens\u00f5es da coluna, sendo muito utilizada na lombar para soltar a musculatura.<\/p>\n\t\t\t\t\tPara quem \u00e9 a Quiropraxia, Libera\u00e7\u00e3o Miofacial e Ventosas?\t\t\t\t\n\t\t\t\t\t<p>A Quiropraxia, Libera\u00e7\u00e3o Miofascial e Ventosas s\u00e3o indicadas para pessoas de todas as idades que sofrem com dores nas costas, pesco\u00e7o, ombros, joelhos ou outras articula\u00e7\u00f5es, h\u00e9rnia de disco, osteoartrite, enxaqueca ou outros problemas relacionados ao sistema neuro-m\u00fasculo-esquel\u00e9tico. Essas t\u00e9cnicas tamb\u00e9m podem ser utilizadas para complementar outros tipos de tratamentos m\u00e9dicos.<\/p>\n\t\t\t\t\tPara quem n\u00e3o \u00e9 a Quiropraxia, Libera\u00e7\u00e3o Miofacial\t\t\t\t\n\t\t\t\t\t<p>A Quiropraxia e a Libera\u00e7\u00e3o Miofascial n\u00e3o s\u00e3o indicadas para pessoas com fraturas \u00f3sseas recentes ou n\u00e3o consolidadas, infec\u00e7\u00f5es agudas ou doen\u00e7as inflamat\u00f3rias agudas. Tamb\u00e9m n\u00e3o s\u00e3o recomendadas para pessoas com doen\u00e7as degenerativas avan\u00e7adas ou tumores \u00f3sseos. \u00c9 importante consultar um profissional qualificado antes de iniciar qualquer tipo de tratamento.<\/p>\n\t\t\t\t\tPosso fazer o Agendamento pelo WhatsApp e pagar depois da sess\u00e3o?\t\t\t\t\n\t\t\t\t\t<p>Sim! Voc\u00ea pode fazer o agendamento pelo WhatsApp e pagar depois da sess\u00e3o. Mas te recomendamos fazer pelo Agendamento no Site, onde poder\u00e1 visualizar em tempo real os dias e hor\u00e1rios dispon\u00edveis melhores para voc\u00ea, mas caso precisar, qualquer d\u00favida,&nbsp; basta entrar em contato conosco pelo Link suspenso do nosso whatsapp em nosso site quirosports.com.br agende sua consulta. N\u00f3s aceitamos diversas formas de pagamento para sua conveni\u00eancia.<\/p>\n\t\t\t\t\tComo Funciona o Agendamento pelo Site?\t\t\t\t\n\t\t\t\t\t<p>O agendamento pelo site \u00e9 muito simples! Basta acessar nosso site quirosports.com.br e clicar na op\u00e7\u00e3o &#8220;Agendar Consulta&#8221;. Voc\u00ea ser\u00e1 redirecionado para uma p\u00e1gina onde poder\u00e1 escolher o servi\u00e7o desejado, a data e o hor\u00e1rio dispon\u00edvel. Depois disso, basta preencher seus dados pessoais e confirmar o agendamento.<\/p>\n\t\t\t\t\tE se eu precisar cancelar ou remarcar a Sess\u00e3o, o que acontece?\t\t\t\t\n\t\t\t\t\t<p>Se voc\u00ea precisar cancelar ou remarcar sua sess\u00e3o, n\u00e3o h\u00e1 problema! Basta entrar em contato conosco pelo WhatsApp ou pelo site e informar sua necessidade. N\u00f3s faremos o poss\u00edvel para acomodar sua solicita\u00e7\u00e3o e encontrar um novo hor\u00e1rio que seja conveniente para voc\u00ea. \u00c9 importante notar que, dependendo do plano de assinatura que voc\u00ea escolheu, pode haver algumas restri\u00e7\u00f5es ou taxas associadas ao cancelamento ou remarca\u00e7\u00e3o de sess\u00f5es. Por favor, verifique os termos e condi\u00e7\u00f5es do seu plano para mais&nbsp;informa\u00e7\u00f5es.<\/p>\n\t\t\t\t\tVoc\u00eas possuem Planos de Assinatura Mensal para Pessoas ? Como funciona e Quais Vantagens?\t\t\t\t\n\t\t\t\t\t<p>Em Breve! N\u00f3s temos clientes que est\u00e3o em tratamento e precisam fazer mais do que duas vezes por m\u00eas at\u00e9, por isso queremos oferecer essa vantagem e condi\u00e7\u00f5es diferenciadas.<\/p>\n<p>A id\u00e9ia \u00e9 oferecermos planos de assinatura mensal para pessoas que desejam realizar sess\u00f5es regulares de Quiropraxia e Libera\u00e7\u00e3o Miofascial. Com nossos planos de assinatura mensal, voc\u00ea pode economizar dinheiro e garantir sua vaga em nossas sess\u00f5es. Al\u00e9m disso, nossos planos poder\u00e3o oferecer diversas vantagens exclusivas para nossos assinantes, como descontos em outros servi\u00e7os e prioridade no agendamento.<\/p>\n\t\t\t\t\tVoc\u00eas possuem Planos de Assinatura Mensal para Empresas? Como funciona?\t\t\t\t\n\t\t\t\t\t<p>Sim! N\u00f3s tamb\u00e9m estamos em breve&nbsp; oferecendo conv\u00eanio &#8220;a empresas Cidad\u00e3s que desejam incluir a Quiropraxia e Libera\u00e7\u00e3o como forma de proporcionar aos seus funcion\u00e1rios momentos \u00fanicos de Relaxamento. Com nossos planos empresariais, sua empresa pode economizar dinheiro e oferecer aos seus funcion\u00e1rios um benef\u00edcio exclusivo que contribuir\u00e1 para sua sa\u00fade e bem-estar. Entre em contato conosco para saber mais sobre nossos planos empresariais.<\/p>\n\t\t\t\t\tLIBERA\u00c7\u00c3O MIOFASCIAL\n\t\t\t\t\t\t\t\t\t\t\t<h4>RELAXE<\/h4>\n\t\t\t\t\t\tConsulte Disponib. <br> +SESS\u00c3O <br>B\u00f4nus com Ventosas\ud83d\ude31\ud83d\udd25\n\t\t\t\t<ul role=\"list\"><li role=\"listitem\">Reduza a Dor<\/li><li role=\"listitem\">Melhore Sua Mobilidade<\/li><li role=\"listitem\">Reduza Estresse e Ansiedade<\/li><\/ul>\t\t\t\t\n\t\t\t<a href=\"https:\/\/chat.fillapp.me\/?id=e575246a-a6dd-4471-9140-5d979dc1f64c\" target=\"_self\" role=\"button\" rel=\"noopener\">\n\t\t\t\t\t\t\tQUERO RELAXAR\n\t\t\t<\/a>\n\t\t\t\t\tQUIROPRAXIA\n\t\t\t\t\t\t\t\t\t\t\t<h4>REALINHE-SE<\/h4>\n\t\t\t\t\t\tConsulte Disponib. <br>+SESS\u00c3O <br> B\u00f4nus com Ventosas\ud83d\ude0d\ud83d\udd25\n\t\t\t\t<ul role=\"list\"><li role=\"listitem\">Alivie Sua Dor<\/li><li role=\"listitem\">Melhore Sua Postura<\/li><li role=\"listitem\">Sinta Bem-Estar F\u00edsico e Mental<\/li><\/ul>\t\t\t\t\n\t\t\t<a href=\"https:\/\/chat.fillapp.me\/?id=e575246a-a6dd-4471-9140-5d979dc1f64c\" target=\"_self\" role=\"button\" rel=\"noopener\">\n\t\t\t\t\t\t\tQUERO ALINHAR\n\t\t\t<\/a>\n\t\t\t\t\tVENTOSAS\n\t\t\t\t\t\t\t\t\t\t\t<h4>DESINTOXIQUE-SE<\/h4>\n\t\t\t\t\t\tConsulte Disponib. SESS\u00c3O\n\t\t\t\t<ul role=\"list\"><li role=\"listitem\">Desinflame M\u00fasculos e Tecidos<\/li><li role=\"listitem\">Melhore Oxigena\u00e7\u00e3o Corporal<\/li><li role=\"listitem\">Libere Endorfinas do Bem Estar e Prazer<\/li><\/ul>\t\t\t\t\n\t\t\t<a href=\"https:\/\/chat.fillapp.me\/?id=e575246a-a6dd-4471-9140-5d979dc1f64c\" target=\"_self\" role=\"button\" rel=\"noopener\">\n\t\t\t\t\t\t\tSESS\u00c3O B\u00d4NUS\n\t\t\t<\/a>\n\t<iframe src=\"https:\/\/www.google.com\/maps\/embed\/v1\/place?q=Rua+Oswaldo+Cruz+561%2C+Bertioga.+Sala+Comercial+7+-+Piso+Superior&amp;key=AIzaSyD09zQ9PNDNNy9TadMuzRV_UsPUoWKntt8\" aria-hidden=\"true\"><\/iframe>\n","protected":false},"excerpt":{"rendered":"<p>QUERO AGENDAR MINHA SESS\u00c3O ESPECIALISTA EM QUIROPRAXIA ESPORTIVA ATENDEMOS ATLETAS DAS DIVERSAS MODALIDADES ESPORTIVAS DA REGI\u00c3O. COM NOSSO M\u00c9TODO \u00daNICO, QUE COMBINA T\u00c9CNICAS AVAN\u00c7ADAS DE QUIRO, VENTOSA E LIBERA\u00c7\u00c3O MIOFASCIAL QUERO MELHORAR MEU DESEMPENHO QUERO MOTIVAR MINHA EQUIPE AGENDE SUA CONSULTA ARTE QUE TRANSFORMA SUA DOR EM PRAZER SESS\u00d5ES + DE 1,000 O QUE DIZEM&hellip;<\/p>\n","protected":false},"author":1,"featured_media":0,"parent":0,"menu_order":0,"comment_status":"closed","ping_status":"open","template":"","meta":{"_monsterinsights_skip_tracking":false,"_monsterinsights_sitenote_active":false,"_monsterinsights_sitenote_note":"","_monsterinsights_sitenote_category":0,"footnotes":"","_joinchat":[]},"_links":{"self":[{"href":"https:\/\/quirosports.com.br\/index.php\/wp-json\/wp\/v2\/pages\/2"}],"collection":[{"href":"https:\/\/quirosports.com.br\/index.php\/wp-json\/wp\/v2\/pages"}],"about":[{"href":"https:\/\/quirosports.com.br\/index.php\/wp-json\/wp\/v2\/types\/page"}],"author":[{"embeddable":true,"href":"https:\/\/quirosports.com.br\/index.php\/wp-json\/wp\/v2\/users\/1"}],"replies":[{"embeddable":true,"href":"https:\/\/quirosports.com.br\/index.php\/wp-json\/wp\/v2\/comments?post=2"}],"version-history":[{"count":370,"href":"https:\/\/quirosports.com.br\/index.php\/wp-json\/wp\/v2\/pages\/2\/revisions"}],"predecessor-version":[{"id":696,"href":"https:\/\/quirosports.com.br\/index.php\/wp-json\/wp\/v2\/pages\/2\/revisions\/696"}],"wp:attachment":[{"href":"https:\/\/quirosports.com.br\/index.php\/wp-json\/wp\/v2\/media?parent=2"}],"curies":[{"name":"wp","href":"https:\/\/api.w.org\/{rel}","templated":true}]}}